{"id":144,"date":"2023-05-16T21:33:22","date_gmt":"2023-05-17T02:33:22","guid":{"rendered":"https:\/\/manilabikerental.com\/?page_id=144"},"modified":"2023-06-15T13:37:27","modified_gmt":"2023-06-15T18:37:27","slug":"manila-un-barrio-de-tradicion","status":"publish","type":"page","link":"https:\/\/manilabikerental.com\/index.php\/manila-un-barrio-de-tradicion\/","title":{"rendered":"Manila, un barrio de tradici\u00f3n"},"content":{"rendered":"\n<div class=\"wp-block-columns is-layout-flex wp-container-core-columns-is-layout-1 wp-block-columns-is-layout-flex\">\n<div class=\"wp-block-column is-layout-flow wp-block-column-is-layout-flow\" style=\"flex-basis:66.66%\">\n<figure class=\"wp-block-image size-full\"><img loading=\"lazy\" decoding=\"async\" width=\"696\" height=\"452\" src=\"https:\/\/manilabikerental.com\/wp-content\/uploads\/2023\/05\/R.jpg\" alt=\"\" class=\"wp-image-146\" srcset=\"https:\/\/manilabikerental.com\/wp-content\/uploads\/2023\/05\/R.jpg 696w, https:\/\/manilabikerental.com\/wp-content\/uploads\/2023\/05\/R-300x195.jpg 300w, https:\/\/manilabikerental.com\/wp-content\/uploads\/2023\/05\/R-600x390.jpg 600w\" sizes=\"(max-width: 696px) 100vw, 696px\" \/><\/figure>\n<\/div>\n\n\n\n<div class=\"wp-block-column is-layout-flow wp-block-column-is-layout-flow\" style=\"flex-basis:33.33%\">\n<h2 class=\"wp-block-heading\">Historia Barrio Manila<\/h2>\n\n\n\n<p><strong>Veraneadero por muchos a\u00f1os, Manila se volvi\u00f3 barrio a mediados de este siglo<\/strong>. Antes fue una finca, primero propiedad del Seminario Conciliar y despu\u00e9s de Isaac Restrepo Posada. En el siglo pasado, seg\u00fan versi\u00f3n de uno de los descendientes de Isaac Restrepo, el Seminario ten\u00eda la finca Manila para los paseos de sus internos.<\/p>\n\n\n\n<p>Por all\u00e1 por el a\u00f1o 10 de este siglo aproximadamente, Isaac Restrepo compr\u00f3 la finca para las vacaciones de su familia.<\/p>\n\n\n\n<p>Tanto en las vacaciones de mitad de a\u00f1o como en las de diciembre,&nbsp;<strong>la familia Restrepo Uribe se ven\u00eda para Manila a descansar.<\/strong>&nbsp;Ellos viv\u00edan en el Centro, en lo que hoy es la esquina de la Avenida Oriental con La Playa, donde queda actualmente la Cl\u00ednica Soma.<\/p>\n<\/div>\n<\/div>\n\n\n\n<div class=\"wp-block-columns is-layout-flex wp-container-core-columns-is-layout-2 wp-block-columns-is-layout-flex\">\n<div class=\"wp-block-column is-layout-flow wp-block-column-is-layout-flow\" style=\"flex-basis:25%\">\n<figure class=\"wp-block-image alignleft size-large is-resized\"><img loading=\"lazy\" decoding=\"async\" src=\"https:\/\/manilabikerental.com\/wp-content\/uploads\/2023\/05\/024C68D4-B441-4B16-86A5-DA5A82365719-1-1024x1024.jpeg\" alt=\"\" class=\"wp-image-147\" width=\"293\" height=\"293\" srcset=\"https:\/\/manilabikerental.com\/wp-content\/uploads\/2023\/05\/024C68D4-B441-4B16-86A5-DA5A82365719-1-1024x1024.jpeg 1024w, https:\/\/manilabikerental.com\/wp-content\/uploads\/2023\/05\/024C68D4-B441-4B16-86A5-DA5A82365719-1-300x300.jpeg 300w, https:\/\/manilabikerental.com\/wp-content\/uploads\/2023\/05\/024C68D4-B441-4B16-86A5-DA5A82365719-1-150x150.jpeg 150w, https:\/\/manilabikerental.com\/wp-content\/uploads\/2023\/05\/024C68D4-B441-4B16-86A5-DA5A82365719-1-768x768.jpeg 768w, https:\/\/manilabikerental.com\/wp-content\/uploads\/2023\/05\/024C68D4-B441-4B16-86A5-DA5A82365719-1-1536x1536.jpeg 1536w, https:\/\/manilabikerental.com\/wp-content\/uploads\/2023\/05\/024C68D4-B441-4B16-86A5-DA5A82365719-1-2048x2048.jpeg 2048w, https:\/\/manilabikerental.com\/wp-content\/uploads\/2023\/05\/024C68D4-B441-4B16-86A5-DA5A82365719-1-600x600.jpeg 600w, https:\/\/manilabikerental.com\/wp-content\/uploads\/2023\/05\/024C68D4-B441-4B16-86A5-DA5A82365719-1-100x100.jpeg 100w\" sizes=\"(max-width: 293px) 100vw, 293px\" \/><\/figure>\n<\/div>\n\n\n\n<div class=\"wp-block-column is-layout-flow wp-block-column-is-layout-flow\" style=\"flex-basis:50%\">\n<h2 class=\"wp-block-heading has-text-align-center\"><strong>Historia Manila Bike Rental<\/strong><\/h2>\n\n\n\n<div class=\"wp-block-group is-vertical is-layout-flex wp-container-core-group-is-layout-1 wp-block-group-is-layout-flex\">\n<p>Nuestra familia lleva casi toda la vida viviendo en estas calles de Manila, calles que vieron nacer, crecer y aprender a montar en bicicleta a los hijos de apellido Arcila, quien lo dir\u00eda, ahora esta familia alquila bicicletas a personas de todas partes del mundo para salir a rodar por esas mismas calles que los vieron crecer.<\/p>\n\n\n\n<p>El nombre de Manila Bike Rental  no es para menos, claro y conciso, rentamos bicicletas y en Manila. Este es un proyecto de hace unos pocos a\u00f1os atr\u00e1s, pero parece que fue concebido desde el nacimiento de esta casa.<\/p>\n<\/div>\n<\/div>\n\n\n\n<div class=\"wp-block-column is-layout-flow wp-block-column-is-layout-flow\" style=\"flex-basis:25%\">\n<figure class=\"wp-block-image alignright size-large is-resized\"><img loading=\"lazy\" decoding=\"async\" src=\"https:\/\/manilabikerental.com\/wp-content\/uploads\/2023\/05\/C949E039-389B-44B8-8822-E72FCB8B3EF9-1024x1024.jpeg\" alt=\"\" class=\"wp-image-148\" width=\"313\" height=\"313\" srcset=\"https:\/\/manilabikerental.com\/wp-content\/uploads\/2023\/05\/C949E039-389B-44B8-8822-E72FCB8B3EF9-1024x1024.jpeg 1024w, https:\/\/manilabikerental.com\/wp-content\/uploads\/2023\/05\/C949E039-389B-44B8-8822-E72FCB8B3EF9-300x300.jpeg 300w, https:\/\/manilabikerental.com\/wp-content\/uploads\/2023\/05\/C949E039-389B-44B8-8822-E72FCB8B3EF9-150x150.jpeg 150w, https:\/\/manilabikerental.com\/wp-content\/uploads\/2023\/05\/C949E039-389B-44B8-8822-E72FCB8B3EF9-768x768.jpeg 768w, https:\/\/manilabikerental.com\/wp-content\/uploads\/2023\/05\/C949E039-389B-44B8-8822-E72FCB8B3EF9-600x600.jpeg 600w, https:\/\/manilabikerental.com\/wp-content\/uploads\/2023\/05\/C949E039-389B-44B8-8822-E72FCB8B3EF9-100x100.jpeg 100w, https:\/\/manilabikerental.com\/wp-content\/uploads\/2023\/05\/C949E039-389B-44B8-8822-E72FCB8B3EF9.jpeg 1440w\" sizes=\"(max-width: 313px) 100vw, 313px\" \/><\/figure>\n<\/div>\n<\/div>\n\n\n\n<div class=\"wp-block-columns is-layout-flex wp-container-core-columns-is-layout-3 wp-block-columns-is-layout-flex\">\n<div class=\"wp-block-column is-layout-flow wp-block-column-is-layout-flow\">\n<h2 class=\"wp-block-heading has-text-align-center\"><strong>Ahora En El 2023<\/strong><\/h2>\n<\/div>\n<\/div>\n\n\n\n<p>Seguimos siendo casa, porque as\u00ed es como te sientes cuando entras a nuestra tienda, un espacio ambientado por ciclistas con un estilo org\u00e1nico y vieja escuela, ya que nos gusta el ciclismo de la \u00e9poca, nos apasiona las historias de grandes escarabajos en Europa y vivimos el ciclismo desde hace m\u00e1s de 10 a\u00f1os. No improvisamos, sabemos lo que necesitan los riders de todo el mundo. &#8220;una bici, zapatillas, un casco, My Bib y a rodar por las monta\u00f1as Antioque\u00f1as&#8221;<\/p>\n\n\n\n<div class=\"wp-block-columns is-layout-flex wp-container-core-columns-is-layout-4 wp-block-columns-is-layout-flex\">\n<div class=\"wp-block-column is-layout-flow wp-block-column-is-layout-flow\">\n<figure class=\"wp-block-image size-large\"><img loading=\"lazy\" decoding=\"async\" width=\"1024\" height=\"768\" src=\"https:\/\/manilabikerental.com\/wp-content\/uploads\/2023\/05\/IMG_1202-2-1024x768.jpeg\" alt=\"\" class=\"wp-image-149\" srcset=\"https:\/\/manilabikerental.com\/wp-content\/uploads\/2023\/05\/IMG_1202-2-1024x768.jpeg 1024w, https:\/\/manilabikerental.com\/wp-content\/uploads\/2023\/05\/IMG_1202-2-300x225.jpeg 300w, https:\/\/manilabikerental.com\/wp-content\/uploads\/2023\/05\/IMG_1202-2-768x576.jpeg 768w, https:\/\/manilabikerental.com\/wp-content\/uploads\/2023\/05\/IMG_1202-2-1536x1152.jpeg 1536w, https:\/\/manilabikerental.com\/wp-content\/uploads\/2023\/05\/IMG_1202-2-2048x1536.jpeg 2048w, https:\/\/manilabikerental.com\/wp-content\/uploads\/2023\/05\/IMG_1202-2-600x450.jpeg 600w\" sizes=\"(max-width: 1024px) 100vw, 1024px\" \/><\/figure>\n<\/div>\n\n\n\n<div class=\"wp-block-column is-layout-flow wp-block-column-is-layout-flow\">\n<figure class=\"wp-block-image size-large\"><img loading=\"lazy\" decoding=\"async\" width=\"1024\" height=\"768\" src=\"https:\/\/manilabikerental.com\/wp-content\/uploads\/2023\/05\/IMG_1207-1024x768.jpeg\" alt=\"\" class=\"wp-image-150\" srcset=\"https:\/\/manilabikerental.com\/wp-content\/uploads\/2023\/05\/IMG_1207-1024x768.jpeg 1024w, https:\/\/manilabikerental.com\/wp-content\/uploads\/2023\/05\/IMG_1207-300x225.jpeg 300w, https:\/\/manilabikerental.com\/wp-content\/uploads\/2023\/05\/IMG_1207-768x576.jpeg 768w, https:\/\/manilabikerental.com\/wp-content\/uploads\/2023\/05\/IMG_1207-1536x1152.jpeg 1536w, https:\/\/manilabikerental.com\/wp-content\/uploads\/2023\/05\/IMG_1207-2048x1536.jpeg 2048w, https:\/\/manilabikerental.com\/wp-content\/uploads\/2023\/05\/IMG_1207-600x450.jpeg 600w\" sizes=\"(max-width: 1024px) 100vw, 1024px\" \/><\/figure>\n<\/div>\n\n\n\n<div class=\"wp-block-column is-layout-flow wp-block-column-is-layout-flow\">\n<figure class=\"wp-block-video\"><video controls src=\"https:\/\/manilabikerental.com\/wp-content\/uploads\/2023\/05\/Video-de-WhatsApp-2023-05-16-a-las-22.10.46.mp4\"><\/video><\/figure>\n<\/div>\n<\/div>\n","protected":false},"excerpt":{"rendered":"<p>Historia Barrio Manila Veraneadero por muchos a\u00f1os, Manila se volvi\u00f3 barrio a mediados de este siglo. Antes fue una finca, primero propiedad del Seminario Conciliar y despu\u00e9s de Isaac Restrepo Posada. En el siglo pasado, seg\u00fan versi\u00f3n de uno de los descendientes de Isaac Restrepo, el Seminario ten\u00eda la finca Manila para los paseos de sus internos. Por all\u00e1 por el a\u00f1o 10 de este siglo aproximadamente, Isaac Restrepo compr\u00f3 la finca para las vacaciones de su familia. Tanto en las vacaciones de mitad de a\u00f1o como en las de diciembre,&nbsp;la familia Restrepo Uribe se ven\u00eda para Manila a descansar.&nbsp;Ellos<\/p>\n","protected":false},"author":1,"featured_media":0,"parent":0,"menu_order":0,"comment_status":"closed","ping_status":"closed","template":"","meta":{"footnotes":""},"class_list":["post-144","page","type-page","status-publish","hentry"],"_links":{"self":[{"href":"https:\/\/manilabikerental.com\/index.php\/wp-json\/wp\/v2\/pages\/144"}],"collection":[{"href":"https:\/\/manilabikerental.com\/index.php\/wp-json\/wp\/v2\/pages"}],"about":[{"href":"https:\/\/manilabikerental.com\/index.php\/wp-json\/wp\/v2\/types\/page"}],"author":[{"embeddable":true,"href":"https:\/\/manilabikerental.com\/index.php\/wp-json\/wp\/v2\/users\/1"}],"replies":[{"embeddable":true,"href":"https:\/\/manilabikerental.com\/index.php\/wp-json\/wp\/v2\/comments?post=144"}],"version-history":[{"count":2,"href":"https:\/\/manilabikerental.com\/index.php\/wp-json\/wp\/v2\/pages\/144\/revisions"}],"predecessor-version":[{"id":190,"href":"https:\/\/manilabikerental.com\/index.php\/wp-json\/wp\/v2\/pages\/144\/revisions\/190"}],"wp:attachment":[{"href":"https:\/\/manilabikerental.com\/index.php\/wp-json\/wp\/v2\/media?parent=144"}],"curies":[{"name":"wp","href":"https:\/\/api.w.org\/{rel}","templated":true}]}}