{"id":313,"date":"2024-08-27T11:34:44","date_gmt":"2024-08-27T16:34:44","guid":{"rendered":"https:\/\/manilabikerental.com\/?post_type=product&#038;p=313"},"modified":"2025-09-17T14:50:39","modified_gmt":"2025-09-17T19:50:39","slug":"valle-de-la-pradera-domingos-y-festivos","status":"publish","type":"product","link":"https:\/\/manilabikerental.com\/index.php\/product\/valle-de-la-pradera-domingos-y-festivos\/","title":{"rendered":"Valle De La Pradera || Solo Domingos y Festivos ||"},"content":{"rendered":"<p><strong>Valle De La Pradera || Solo Domingos y Festivos ||<\/strong><br \/>\nRodamos por la zona plana de la ciudad buscando la salida al norte, para encontrarnos con el valle que conecta con Cisneros. parada en restaurante local con comida t\u00edpica de la regi\u00f3n, regreso por la v\u00eda vieja para ir en paralelo al r\u00edo Medell\u00edn, ruta con poco tr\u00e1fico y mucho verde de monta\u00f1as , la asesor\u00eda y tips del gu\u00eda para afrontar la ruta y parada para probar caf\u00e9 de origen.<br \/>\nY mucha buena vibra para celebrar la vida y el ciclismo de nuestra hermosa Colombia \ud83c\udde8\ud83c\uddf4<\/p>\n<p>INCLUYE:<br \/>\n\ud83d\udd18 Gu\u00eda en bicicleta, experto en ciclismo.<br \/>\n\ud83d\udd18 Coffee Welcome, caf\u00e9 de origen.<br \/>\n\ud83d\udd18 Comida tipica primera parada, incluida.<br \/>\n\ud83d\udd18Agua y Snack ( galletas \/ bocadillo ).<br \/>\n\ud83d\udd18 Seguro de viaje.<\/p>\n<p>NO INCLUYE:<br \/>\n\u25aaAdicionales en comidas \/ bebidas durante la rodada.<br \/>\n\u25aaAdicionales en comidas \/ bebidas durante las paradas.<br \/>\n\u25aaBicicleta de alquiler. ( bicicleta de ruta freno disco $179.00 Cop )<\/p>\n<p>\ud83d\udc41\u200d\ud83d\udde8 DATOS:<br \/>\n* Precio del tour por persona de $210.000 COP. Persona adicional $30.000<br \/>\n* Recomendamos tener el nivel y la experiencia seg\u00fan los kil\u00f3metros y desnivel de la ruta.<br \/>\n* Se recomienda llevar cortavientos o chaqueta, botella personal con agua, protector\u00a0solar,\u00a0snacks.<\/p>\n<p><strong>Tiempo estimado de la actividad: 6 a 7 horas.<br \/>\n__________________________________________________________________________________________________________<br \/>\nENG<br \/>\nValle De La Pradera || Sundays and Holidays Only ||<br \/>\n<\/strong><\/p>\n<p>We will ride through the flat part of the city looking for the northern exit, to find the valley that connects to Cisneros. Stop at a local restaurant with typical regional food, return via the old road parallel to the Medell\u00edn River, a route with little traffic and lots of green mountains, advice and tips from the guide on how to tackle the route, and a stop to try local coffee.<br \/>\nAnd lots of good vibes to celebrate life and cycling in our beautiful Colombia \ud83c\udde8\ud83c\uddf4<\/p>\n<p>INCLUDES:<br \/>\n\ud83d\udd18 Cycling guide, expert in cycling.<br \/>\n\ud83d\udd18 Coffee Welcome, local coffee.<br \/>\n\ud83d\udd18 Typical food at the first stop, included.<br \/>\n\ud83d\udd18 Water and snack (cookies\/bocadillo).<br \/>\n\ud83d\udd18 Travel insurance.<\/p>\n<p>NOT INCLUDED:<br \/>\n\u25aaAdditional food\/drinks during the ride.<br \/>\n\u25aaAdditional food\/drinks during stops.<br \/>\n\u25aaBicycle rental. (road bike disc brakes $179.00 COP)<\/p>\n<p>\ud83d\udc41\u200d\ud83d\udde8 DETAILS:<br \/>\n* Tour price per person: $210,000 COP. Additional person: $30,000 COP.<br \/>\n* We recommend that participants have the necessary level and experience for the distance and elevation of the route.<br \/>\n* We recommend bringing a windbreaker or jacket, personal water bottle, sunscreen, and snacks.<\/p>\n<p><strong>Estimated duration of the activity: 6 to 7 hours.<\/strong><\/p>\n<p><strong>\u00a0<\/strong><\/p>\n","protected":false},"excerpt":{"rendered":"<p>Valle De La Pradera || Solo Domingos y Festivos || Rodamos por la zona plana de la ciudad buscando la salida al norte, para encontrarnos con el valle que conecta con Cisneros. parada en restaurante local con comida t\u00edpica de la regi\u00f3n, regreso por la v\u00eda vieja para ir en paralelo al r\u00edo Medell\u00edn, ruta con poco tr\u00e1fico y mucho verde de monta\u00f1as , la asesor\u00eda y tips del gu\u00eda para afrontar la ruta y parada para probar caf\u00e9 de origen. Y mucha buena vibra para celebrar la vida y el ciclismo de nuestra hermosa Colombia \ud83c\udde8\ud83c\uddf4 INCLUYE: \ud83d\udd18 Gu\u00eda<\/p>\n","protected":false},"featured_media":321,"comment_status":"open","ping_status":"closed","template":"","meta":[],"product_cat":[15],"product_tag":[21,20,25,23],"class_list":["post-313","product","type-product","status-publish","has-post-thumbnail","hentry","product_cat-uncategorized","product_tag-bike-rental","product_tag-cycling-experiences","product_tag-cycling-tour","product_tag-medellin"],"_links":{"self":[{"href":"https:\/\/manilabikerental.com\/index.php\/wp-json\/wp\/v3\/product\/313"}],"collection":[{"href":"https:\/\/manilabikerental.com\/index.php\/wp-json\/wp\/v3\/product"}],"about":[{"href":"https:\/\/manilabikerental.com\/index.php\/wp-json\/wp\/v2\/types\/product"}],"replies":[{"embeddable":true,"href":"https:\/\/manilabikerental.com\/index.php\/wp-json\/wp\/v2\/comments?post=313"}],"wp:featuredmedia":[{"embeddable":true,"href":"https:\/\/manilabikerental.com\/index.php\/wp-json\/wp\/v2\/media\/321"}],"wp:attachment":[{"href":"https:\/\/manilabikerental.com\/index.php\/wp-json\/wp\/v2\/media?parent=313"}],"wp:term":[{"taxonomy":"product_cat","embeddable":true,"href":"https:\/\/manilabikerental.com\/index.php\/wp-json\/wp\/v2\/product_cat?post=313"},{"taxonomy":"product_tag","embeddable":true,"href":"https:\/\/manilabikerental.com\/index.php\/wp-json\/wp\/v2\/product_tag?post=313"}],"curies":[{"name":"wp","href":"https:\/\/api.w.org\/{rel}","templated":true}]}}