{"id":382,"date":"2025-04-03T22:55:26","date_gmt":"2025-04-04T03:55:26","guid":{"rendered":"https:\/\/manilabikerental.com\/?post_type=product&#038;p=382"},"modified":"2025-12-16T11:26:56","modified_gmt":"2025-12-16T16:26:56","slug":"alto-de-boqueron","status":"publish","type":"product","link":"https:\/\/manilabikerental.com\/index.php\/product\/alto-de-boqueron\/","title":{"rendered":"Alto De Boqueron || Todos Los D\u00edas ||"},"content":{"rendered":"<p><strong>ESPA\u00d1OL<\/strong><br \/>\nSi ya rodaste por las monta\u00f1as de Las Palmas, EL Retiro o Santa Elena, esta nueva monta\u00f1a es una buena opci\u00f3n. Ven y rodemos por una de las monta\u00f1as m\u00e1s largas cerca de la ciudad, con una longitud de 19 kil\u00f3metros y 972 metros desnivel.<br \/>\nPrep\u00e1rate para rodar por la ciudad en la primera parte de la ruta, con el tr\u00e1fico de cualquier ciudad latinoamericana y el respeto al ciclista que solo se ve aqu\u00ed. Tambi\u00e9n prepara bloqueador solar, comida para 5 horas y una buena chaqueta o cortavientos ya que en la parte alta de esta monta\u00f1a hace mucho frio y en la \u00faltima parte del tour tendremos 20 a 30 minutos de puro descenso hasta la ciudad de Medell\u00edn.<br \/>\n<strong>INCLUYE:<\/strong><br \/>\n\u00b0 Gu\u00eda en bicicleta durante toda la experiencia.<br \/>\n\u00b0 Caf\u00e9 de bienvenida en la tienda MBR.<br \/>\n\u00b0 Seguro de viaje.<br \/>\n<strong>NO INCLUYE:<\/strong><br \/>\n\u00b0 Comidas o bebidas durante la experiencia.<br \/>\n\u00b0 Bicicleta de alquiler (entre $144.000 a $179.000)<\/p>\n<p><strong>ENG<\/strong><br \/>\nIf you&#8217;ve already cycled through the mountains of Las Palmas, El Retiro, or Santa Elena, this new mountain is a great option. Come and cycle through one of the longest mountains near the city, with a length of 19 kilometers and a 972-meter elevation gain.<br \/>\nGet ready to ride through the city in the first part of the route, with the traffic of any Latin American city and the respect for cyclists that you only see here. Also, bring sunscreen, food for 5 hours, and a good jacket or windbreaker, as it gets very cold at the top of this mountain, and in the last part of the tour, we will have 20 to 30 minutes of pure descent to the city of Medell\u00edn.<br \/>\n<strong>INCLUDES:<\/strong><br \/>\n\u00b0 Bike guide throughout the experience.<br \/>\n\u00b0 Welcome coffee at the MBR store.<br \/>\n\u00b0 Travel insurance.<br \/>\n<strong>NOT INCLUDED:<\/strong><br \/>\n\u00b0 Food or drinks during the experience.<br \/>\n\u00b0 Bike rental (between $144,000 and $179,000).<\/p>\n<p>&nbsp;<\/p>\n<p>&nbsp;<\/p>\n<p>&nbsp;<\/p>\n","protected":false},"excerpt":{"rendered":"<p>Si ya rodaste por las monta\u00f1as de Las Palmas, EL Retiro o Santa Elena, esta nueva monta\u00f1a es una buena opci\u00f3n. Ven y rodemos por una de las monta\u00f1as m\u00e1s largas cerca de la ciudad, con una longitud de 19 kil\u00f3metros y 972 metros desnivel.<br \/>\nPrep\u00e1rate para rodar por la ciudad en la primera parte de la ruta, con el tr\u00e1fico de cualquier ciudad latinoamericana y el respeto al ciclista que solo se ve aqu\u00ed. Tambi\u00e9n prepara bloqueador solar, comida para 5 horas y una buena chaqueta o cortavientos ya que en la parte alta de esta monta\u00f1a hace mucho frio y en la \u00faltima parte del tour tendremos 20 a 30 minutos de puro descenso hasta la ciudad de Medell\u00edn.<\/p>\n","protected":false},"featured_media":384,"comment_status":"open","ping_status":"closed","template":"","meta":[],"product_cat":[15],"product_tag":[21,20,25,23,19],"class_list":["post-382","product","type-product","status-publish","has-post-thumbnail","hentry","product_cat-uncategorized","product_tag-bike-rental","product_tag-cycling-experiences","product_tag-cycling-tour","product_tag-medellin","product_tag-tour"],"_links":{"self":[{"href":"https:\/\/manilabikerental.com\/index.php\/wp-json\/wp\/v3\/product\/382"}],"collection":[{"href":"https:\/\/manilabikerental.com\/index.php\/wp-json\/wp\/v3\/product"}],"about":[{"href":"https:\/\/manilabikerental.com\/index.php\/wp-json\/wp\/v2\/types\/product"}],"replies":[{"embeddable":true,"href":"https:\/\/manilabikerental.com\/index.php\/wp-json\/wp\/v2\/comments?post=382"}],"wp:featuredmedia":[{"embeddable":true,"href":"https:\/\/manilabikerental.com\/index.php\/wp-json\/wp\/v2\/media\/384"}],"wp:attachment":[{"href":"https:\/\/manilabikerental.com\/index.php\/wp-json\/wp\/v2\/media?parent=382"}],"wp:term":[{"taxonomy":"product_cat","embeddable":true,"href":"https:\/\/manilabikerental.com\/index.php\/wp-json\/wp\/v2\/product_cat?post=382"},{"taxonomy":"product_tag","embeddable":true,"href":"https:\/\/manilabikerental.com\/index.php\/wp-json\/wp\/v2\/product_tag?post=382"}],"curies":[{"name":"wp","href":"https:\/\/api.w.org\/{rel}","templated":true}]}}