{"id":392,"date":"2025-04-03T23:40:40","date_gmt":"2025-04-04T04:40:40","guid":{"rendered":"https:\/\/manilabikerental.com\/?post_type=product&#038;p=392"},"modified":"2026-04-09T14:13:13","modified_gmt":"2026-04-09T19:13:13","slug":"indiana-la-union-medellin","status":"publish","type":"product","link":"https:\/\/manilabikerental.com\/index.php\/product\/indiana-la-union-medellin\/","title":{"rendered":"Vuelta a La Uni\u00f3n || Todos Los D\u00edas ||"},"content":{"rendered":"<p>Vuelta a la Union || Todos Los Dias Con Previa Reserva ||<\/p>\n<p>Rodamos por la monta\u00f1a con mayor altitud en la zona del Oriente, conocida como \u201cLa Uni\u00f3n\u201d, Visitaremos el pueblo de La Ceja. parada en restaurante local y parada en una f\u00e1brica de bicicletas artesanales. Asesor\u00eda y tips del gu\u00eda para afrontar la ruta y parada para probar caf\u00e9 de origen.<br \/>\nY mucha buena vibra para celebrar la vida y el ciclismo de nuestra hermosa Colombia \ud83c\udde8\ud83c\uddf4<\/p>\n<p>INCLUYE:<br \/>\n\ud83d\udd18 Traslado en carro desde Manila Bike Rental u Hotel hasta punto de partida. (30-40 min)<br \/>\n\ud83d\udd18 Gu\u00eda en bicicleta, experto en ciclismo.<br \/>\n\ud83d\udd18 Cafe de bienvenida en la tienda Manila Bike Rental \u2615 (Caf\u00e9 de origen), incluido.<br \/>\n\ud83d\udd18 Agua y Snack ( galletas \/ bocadillo ).<br \/>\n\ud83d\udd18 Seguro de viaje.<\/p>\n<p>NO INCLUYE:<br \/>\n\u25aaAdicionales en comidas \/ bebidas durante la ruta.<br \/>\n\u25aaAdicionales en comidas \/ bebida en otras paradas adicionales.<br \/>\n\u25aaBicicleta de alquiler. ( bicicleta de ruta freno disco $179.000 Cop )<\/p>\n<p>\ud83d\udc41\u200d\ud83d\udde8 DATOS:<br \/>\n* Recomendamos tener el nivel f\u00edsico y la experiencia seg\u00fan los kil\u00f3metros y desnivel de la ruta.<br \/>\n* Se recomienda llevar cortavientos o chaqueta, botella personal con agua, protector solar, snacks.<\/p>\n<p><strong>TIEMPO ESTIMADO DE LA ACTIVIDAD: Entre 6 a 7 Horas.<br \/>\n____________________________________________________________________________________________<\/strong><\/p>\n<p>ENG<br \/>\nRIDE to La Union || Every Day With Advance Reservation ||<\/p>\n<p>We will ride the highest mountain in the eastern area, known as &#8220;La Uni\u00f3n&#8221;. We will visit the town of La Ceja. Stop at a local restaurant and stop at a handmade bicycle factory. Advice and tips from the guide to face the route and stop to try coffee of origin.<br \/>\nAnd a lot of good vibes to celebrate life and cycling in our beautiful Colombia \ud83c\udde8\ud83c\uddf4<\/p>\n<p>INCLUDES:<br \/>\n\ud83d\udd18 Car transfer from Manila Bike Rental or hotel to the starting point. (30-40 min)<br \/>\n\ud83d\udd18 Cycling guide, expert in cycling.<br \/>\n\ud83d\udd18 Coffee welcome in MBR store\u2615 (local coffee), included.<br \/>\n\ud83d\udd18 Water and snack (cookies\/sandwich).<br \/>\n\ud83d\udd18 Travel insurance.<\/p>\n<p>NOT INCLUDED:<br \/>\n\u25aaAdditional food\/drinks during the route.<br \/>\n\u25aaAdditional food\/drinks at other additional stops.<br \/>\n\u25aaBicycle rental. (Road bike disc brakes $179,000 COP)<\/p>\n<p>\ud83d\udc41\u200d\ud83d\udde8 DETAILS:<br \/>\n* Discount on cycling accessories and clothing at the Manila Bike Rental store.<br \/>\n* We recommend that you have the level and experience necessary for the distance and elevation of the route.<br \/>\n* We recommend bringing a windbreaker or jacket, personal water bottle, sunscreen, and snacks.<\/p>\n<p><strong>ESTIMATED DURATION OF THE ACTIVITY: Between 6 and 7 hours.<\/strong><\/p>\n<p>&nbsp;<\/p>\n","protected":false},"excerpt":{"rendered":"<p>\ud83d\udd1c We ride down the highest mountain in the eastern area, known as &#8220;La Uni\u00f3n&#8221;. We will visit the town of La Ceja. Stop at a local restaurant and stop at a handmade bicycle factory. Advice and tips from the guide to face the route and stop to try coffee of origin.<br \/>\nAnd a lot of good vibes to celebrate life and cycling in our beautiful Colombia \ud83c\udde8\ud83c\uddf4<\/p>\n","protected":false},"featured_media":393,"comment_status":"open","ping_status":"closed","template":"","meta":[],"product_cat":[15],"product_tag":[21,24,20,25],"class_list":["post-392","product","type-product","status-publish","has-post-thumbnail","hentry","product_cat-uncategorized","product_tag-bike-rental","product_tag-cycling","product_tag-cycling-experiences","product_tag-cycling-tour"],"_links":{"self":[{"href":"https:\/\/manilabikerental.com\/index.php\/wp-json\/wp\/v3\/product\/392"}],"collection":[{"href":"https:\/\/manilabikerental.com\/index.php\/wp-json\/wp\/v3\/product"}],"about":[{"href":"https:\/\/manilabikerental.com\/index.php\/wp-json\/wp\/v2\/types\/product"}],"replies":[{"embeddable":true,"href":"https:\/\/manilabikerental.com\/index.php\/wp-json\/wp\/v2\/comments?post=392"}],"wp:featuredmedia":[{"embeddable":true,"href":"https:\/\/manilabikerental.com\/index.php\/wp-json\/wp\/v2\/media\/393"}],"wp:attachment":[{"href":"https:\/\/manilabikerental.com\/index.php\/wp-json\/wp\/v2\/media?parent=392"}],"wp:term":[{"taxonomy":"product_cat","embeddable":true,"href":"https:\/\/manilabikerental.com\/index.php\/wp-json\/wp\/v2\/product_cat?post=392"},{"taxonomy":"product_tag","embeddable":true,"href":"https:\/\/manilabikerental.com\/index.php\/wp-json\/wp\/v2\/product_tag?post=392"}],"curies":[{"name":"wp","href":"https:\/\/api.w.org\/{rel}","templated":true}]}}