{"id":423,"date":"2025-11-02T10:45:26","date_gmt":"2025-11-02T15:45:26","guid":{"rendered":"https:\/\/manilabikerental.com\/?post_type=product&#038;p=423"},"modified":"2025-12-16T11:33:15","modified_gmt":"2025-12-16T16:33:15","slug":"tour-la-heroica","status":"publish","type":"product","link":"https:\/\/manilabikerental.com\/index.php\/product\/tour-la-heroica\/","title":{"rendered":"Tour La Heroica || Todos Los D\u00edas ||"},"content":{"rendered":"<p><strong><span class=\"gs_tkn\">ESPA\u00d1OL<br \/>\n&#8220;La <\/span><\/strong><span class=\"gs_tkn\"><strong>Heroica&#8221;<\/strong>\u00a0<\/span><span class=\"gs_tkn\">se\u00a0<\/span><span class=\"gs_tkn\">refiere\u00a0<\/span><span class=\"gs_tkn\">a\u00a0<\/span><span class=\"gs_tkn\">Cartagena,\u00a0<\/span><span class=\"gs_tkn\">Colombia,\u00a0<\/span><span class=\"gs_tkn\">conocida\u00a0<\/span><span class=\"gs_tkn\">por\u00a0<\/span><span class=\"gs_tkn\">su\u00a0<\/span><span class=\"gs_tkn\">resistencia en<\/span><span class=\"gs_tkn\">\u00a0<\/span><span class=\"gs_tkn\">1815,\u00a0<\/span><span class=\"gs_tkn\">lo\u00a0<\/span><span class=\"gs_tkn\">que\u00a0<\/span><span class=\"gs_tkn\">le\u00a0<\/span><span class=\"gs_tkn\">vali\u00f3\u00a0<\/span><span class=\"gs_tkn\">este\u00a0<\/span><span class=\"gs_tkn\">apodo.<\/span><\/p>\n<p>Ahora es tu momento de afrontar <strong>104kms (64millas) con 2.200 metros desnivel (7.200 pies\/ft)<\/strong> por las hermosas monta\u00f1as Antioque\u00f1as.<\/p>\n<p>De inicio a fin en bicicleta, comenzando desde la tienda MBR Manila Poblado y terminando en el mismo lugar. Vas a rodar por el centro de la ciudad sobre las ciclov\u00edas que conectan con el tranv\u00eda de Ayacucho, este tranv\u00eda ser\u00e1 tu gu\u00eda para llegar al barrio Buenos Aires y comenzar<strong> la monta\u00f1a llamada Santa Elena, monta\u00f1a de 14kms (8 millas),<\/strong> luego te espera un largo descenso hasta la zona llamada Oriente Antioque\u00f1o donde visitaras varios pueblos entre terrenos ondulados y algunos repechos (monta\u00f1as no mayores a 2 kil\u00f3metros\/1.5 millas) conectando por las rutas m\u00e1s tranquilas y concurridas por ciclistas de la zona. Guarda energ\u00eda para la \u00faltima <strong>monta\u00f1a llamada Carrizales (4.7 kil\u00f3metros \/ 3 millas) Con (300 metros desnivel \/ 984 pies\/ft)<\/strong> Luego ser\u00e1 pura diversi\u00f3n con 15 kms \/ 9 millas, de puro descenso con el paisaje de una hermosa ciudad de fondo llamada Medell\u00edn.<\/p>\n<p>El clima en esta zona es relativamente frio y con posibilidad de lluvia, recomendamos chaqueta o cortavientos.<br \/>\nDurante todo el camino encontraras f\u00e1cilmente restaurantes o tiendas para poder aprovisionarte.<br \/>\nDebes tener un excelente estado de forma para poder divertirte en esta ruta.<br \/>\n<strong>INCLUYE:<\/strong><br \/>\n\u00b0 Gu\u00eda en bicicleta durante toda la experiencia.<br \/>\n\u00b0 Caf\u00e9 de bienvenida en la tienda MBR.<br \/>\n\u00b0 Seguro de viaje.<br \/>\n<strong>NO INCLUYE:<br \/>\n<\/strong>\u00b0 Comidas y bebidas durante la ruta.<br \/>\n\u00b0 Bicicleta de alquiler (entre $144.000 a $179.000 cop)<\/p>\n<p><strong>ENGLISH<\/strong><br \/>\n\u201cLa Heroica\u201d refers to Cartagena, Colombia, known for its resistance in 1815, which earned it this nickname.<\/p>\n<p>Now it&#8217;s your turn to tackle <strong>104 km (64 miles) with 2,200 meters of elevation gain (7,200 feet)<\/strong> through the beautiful mountains of Antioquia.<\/p>\n<p>From start to finish by bike, beginning at the MBR Manila Poblado store and ending at the same place. You will ride through the city center on bike paths that connect to the Ayacucho tram. This tram will be your guide to reach the Buenos Aires neighborhood and begin <strong>the 14 km (8 mile) climb up Santa Elena mountain<\/strong>. Then a long descent awaits you to the area called Oriente Antioque\u00f1o, where you will visit several villages among rolling terrain and some steep slopes (mountains no higher than 2 kilometers\/1.5 miles), connecting via the quietest and most popular routes for cyclists in the area. Save your energy for the last <strong>mountain called Carrizales (4.7 kilometers\/3 miles) with a 300-meter\/984-foot elevation gain<\/strong>. Then it will be pure fun with 15 kilometers\/9 miles of pure descent with the landscape of a beautiful city called Medell\u00edn in the background.<\/p>\n<p>The weather in this area is relatively cold with a chance of rain, so we recommend a jacket or windbreaker.<br \/>\nAlong the way, you will easily find restaurants or shops to stock up on supplies.<br \/>\nYou must be in excellent physical condition to enjoy this route.<br \/>\n<strong>INCLUDES:<\/strong><br \/>\n\u00b0 Bike guide throughout the experience.<br \/>\n\u00b0 Welcome coffee at the MBR store.<br \/>\n\u00b0 Travel insurance.<br \/>\n<strong>NOT INCLUDED:<\/strong><br \/>\n\u00b0 Food and drinks during the tour.<br \/>\n\u00b0 Bike rental (between $144,000 and $179,000 COP).<\/p>\n<p>&nbsp;<\/p>\n<p>&nbsp;<\/p>\n","protected":false},"excerpt":{"rendered":"[video width=\"848\" height=\"480\" mp4=\"http:\/\/manilabikerental.com\/wp-content\/uploads\/2025\/11\/WhatsApp-Video-2025-11-20-at-11.20.46.mp4\"][\/video]\n<p><span class=\"gs_tkn\">&#8220;La\u00a0<\/span><span class=\"gs_tkn\">Heroica&#8221;\u00a0<\/span><span class=\"gs_tkn\">se\u00a0<\/span><span class=\"gs_tkn\">refiere\u00a0<\/span><span class=\"gs_tkn\">a\u00a0<\/span><span class=\"gs_tkn\">Cartagena,\u00a0<\/span><span class=\"gs_tkn\">Colombia,\u00a0<\/span><span class=\"gs_tkn\">conocida\u00a0<\/span><span class=\"gs_tkn\">por\u00a0<\/span><span class=\"gs_tkn\">su\u00a0<\/span><span class=\"gs_tkn\">resistencia. La misma resistencia que debes tener para afrontar 104 kms con 2.200 metros desnivel (62 millas con 7.200 ft) entre retadoras monta\u00f1as, terreno ondulado y pueblos hermosos. Te animas a este gran reto?\u00a0<\/span><\/p>\n","protected":false},"featured_media":427,"comment_status":"open","ping_status":"closed","template":"","meta":[],"product_cat":[15],"product_tag":[21,20,25],"class_list":["post-423","product","type-product","status-publish","has-post-thumbnail","hentry","product_cat-uncategorized","product_tag-bike-rental","product_tag-cycling-experiences","product_tag-cycling-tour"],"_links":{"self":[{"href":"https:\/\/manilabikerental.com\/index.php\/wp-json\/wp\/v3\/product\/423"}],"collection":[{"href":"https:\/\/manilabikerental.com\/index.php\/wp-json\/wp\/v3\/product"}],"about":[{"href":"https:\/\/manilabikerental.com\/index.php\/wp-json\/wp\/v2\/types\/product"}],"replies":[{"embeddable":true,"href":"https:\/\/manilabikerental.com\/index.php\/wp-json\/wp\/v2\/comments?post=423"}],"wp:featuredmedia":[{"embeddable":true,"href":"https:\/\/manilabikerental.com\/index.php\/wp-json\/wp\/v2\/media\/427"}],"wp:attachment":[{"href":"https:\/\/manilabikerental.com\/index.php\/wp-json\/wp\/v2\/media?parent=423"}],"wp:term":[{"taxonomy":"product_cat","embeddable":true,"href":"https:\/\/manilabikerental.com\/index.php\/wp-json\/wp\/v2\/product_cat?post=423"},{"taxonomy":"product_tag","embeddable":true,"href":"https:\/\/manilabikerental.com\/index.php\/wp-json\/wp\/v2\/product_tag?post=423"}],"curies":[{"name":"wp","href":"https:\/\/api.w.org\/{rel}","templated":true}]}}