{"id":433,"date":"2025-12-16T10:54:02","date_gmt":"2025-12-16T15:54:02","guid":{"rendered":"https:\/\/manilabikerental.com\/?post_type=product&#038;p=433"},"modified":"2025-12-16T11:07:18","modified_gmt":"2025-12-16T16:07:18","slug":"el-retiro-todos-los-dias","status":"publish","type":"product","link":"https:\/\/manilabikerental.com\/index.php\/product\/el-retiro-todos-los-dias\/","title":{"rendered":"El Retiro || Todos Los D\u00edas ||"},"content":{"rendered":"<p><strong>ESPA\u00d1OL<\/strong><br \/>\nRuta retadora por su desnivel, pero gratificante por el hermoso pueblito de El Retiro, nos sentaremos en el parque principal de este maravilloso pueblo a disfrutar de una deliciosa taza de caf\u00e9 de origen y un postre de la regi\u00f3n, tan solo para ver pasar gente y admirar las casas coloniales.<br \/>\nPrep\u00e1rate con bloqueador solar, comida para 5 horas y una buena chaqueta o cortavientos ya que en las partes altas de esas monta\u00f1as hace mucho frio y en la \u00faltima parte del tour tendremos 20 a 30 minutos de puro descenso contemplando la ciudad de Medell\u00edn.<br \/>\n<strong>INCLUYE:<\/strong><br \/>\n\u00b0 Gu\u00eda en bicicleta durante toda la experiencia.<br \/>\n\u00b0 Caf\u00e9 de bienvenida en la tienda MBR.<br \/>\n\u00b0 Seguro de viaje.<br \/>\n<strong>NO INCLUYE:<\/strong><br \/>\n\u00b0 Comidas o bebidas durante la experiencia.<br \/>\n\u00b0 Bicicleta de alquiler <em>(entre $144.000 a $179.000)<\/em><\/p>\n<p><strong>ENG<\/strong><br \/>\nA challenging route due to its steep incline, but rewarding because of the beautiful little town of El Retiro, we will sit in the main park of this wonderful town to enjoy a delicious cup of local coffee and a regional dessert, just to watch people go by and admire the colonial houses.<br \/>\nBe sure to bring sunscreen, food for 5 hours, and a good jacket or windbreaker, as it gets very cold in the higher parts of these mountains. In the last part of the tour, we will have 20 to 30 minutes of pure descent while contemplating the city of Medell\u00edn.<br \/>\n<strong>INCLUDES:<\/strong><br \/>\n\u00b0 Bike guide throughout the experience.<br \/>\n\u00b0 Welcome coffee at the MBR store.<br \/>\n\u00b0 Travel insurance.<br \/>\n<strong>NOT INCLUDED:<\/strong><br \/>\n\u00b0 Food or drinks during the experience.<br \/>\n\u00b0 Bike rental <em>(between $144,000 and $179,000 cop).<\/em><\/p>\n","protected":false},"excerpt":{"rendered":"<p>Ruta retadora por su desnivel, pero gratificante por el hermoso pueblito de El Retiro, nos sentaremos en el parque principal de este maravilloso pueblo a disfrutar de una deliciosa taza de caf\u00e9 de origen y un postre de la regi\u00f3n, tan solo para ver pasar gente y admirar las casas coloniales.<br \/>\nPrep\u00e1rate con bloqueador solar, comida para 5 horas y una buena chaqueta o cortavientos ya que en las partes altas de esas monta\u00f1as hace mucho frio y en la \u00faltima parte del tour tendremos 20 a 30 minutos de puro descenso contemplando la ciudad de Medell\u00edn.<\/p>\n","protected":false},"featured_media":434,"comment_status":"open","ping_status":"closed","template":"","meta":[],"product_cat":[15],"product_tag":[27,26,28],"class_list":["post-433","product","type-product","status-publish","has-post-thumbnail","hentry","product_cat-uncategorized","product_tag-bikerental","product_tag-biketour","product_tag-cyclingexperience"],"_links":{"self":[{"href":"https:\/\/manilabikerental.com\/index.php\/wp-json\/wp\/v3\/product\/433"}],"collection":[{"href":"https:\/\/manilabikerental.com\/index.php\/wp-json\/wp\/v3\/product"}],"about":[{"href":"https:\/\/manilabikerental.com\/index.php\/wp-json\/wp\/v2\/types\/product"}],"replies":[{"embeddable":true,"href":"https:\/\/manilabikerental.com\/index.php\/wp-json\/wp\/v2\/comments?post=433"}],"wp:featuredmedia":[{"embeddable":true,"href":"https:\/\/manilabikerental.com\/index.php\/wp-json\/wp\/v2\/media\/434"}],"wp:attachment":[{"href":"https:\/\/manilabikerental.com\/index.php\/wp-json\/wp\/v2\/media?parent=433"}],"wp:term":[{"taxonomy":"product_cat","embeddable":true,"href":"https:\/\/manilabikerental.com\/index.php\/wp-json\/wp\/v2\/product_cat?post=433"},{"taxonomy":"product_tag","embeddable":true,"href":"https:\/\/manilabikerental.com\/index.php\/wp-json\/wp\/v2\/product_tag?post=433"}],"curies":[{"name":"wp","href":"https:\/\/api.w.org\/{rel}","templated":true}]}}