{"id":59,"date":"2023-05-05T15:29:15","date_gmt":"2023-05-05T20:29:15","guid":{"rendered":"https:\/\/manilabikerental.com\/?post_type=product&#038;p=59"},"modified":"2025-09-17T14:22:40","modified_gmt":"2025-09-17T19:22:40","slug":"single-ride","status":"publish","type":"product","link":"https:\/\/manilabikerental.com\/index.php\/product\/single-ride\/","title":{"rendered":"Santa Elena || Todos Los Dias ||"},"content":{"rendered":"<p><img loading=\"lazy\" decoding=\"async\" class=\"alignnone size-medium wp-image-217\" src=\"http:\/\/manilabikerental.com\/wp-content\/uploads\/2023\/05\/WhatsApp-Image-2023-06-28-at-7.48.34-PM-300x200.jpeg\" alt=\"\" width=\"300\" height=\"200\" srcset=\"https:\/\/manilabikerental.com\/wp-content\/uploads\/2023\/05\/WhatsApp-Image-2023-06-28-at-7.48.34-PM-300x200.jpeg 300w, https:\/\/manilabikerental.com\/wp-content\/uploads\/2023\/05\/WhatsApp-Image-2023-06-28-at-7.48.34-PM-768x512.jpeg 768w, https:\/\/manilabikerental.com\/wp-content\/uploads\/2023\/05\/WhatsApp-Image-2023-06-28-at-7.48.34-PM-600x400.jpeg 600w, https:\/\/manilabikerental.com\/wp-content\/uploads\/2023\/05\/WhatsApp-Image-2023-06-28-at-7.48.34-PM.jpeg 1024w\" sizes=\"(max-width: 300px) 100vw, 300px\" \/><img loading=\"lazy\" decoding=\"async\" class=\"alignnone size-medium wp-image-304\" src=\"http:\/\/manilabikerental.com\/wp-content\/uploads\/2023\/05\/Imagen-de-WhatsApp-2024-08-27-a-las-11.23.29_ef21465b-226x300.jpg\" alt=\"\" width=\"226\" height=\"300\" srcset=\"https:\/\/manilabikerental.com\/wp-content\/uploads\/2023\/05\/Imagen-de-WhatsApp-2024-08-27-a-las-11.23.29_ef21465b-226x300.jpg 226w, https:\/\/manilabikerental.com\/wp-content\/uploads\/2023\/05\/Imagen-de-WhatsApp-2024-08-27-a-las-11.23.29_ef21465b-770x1024.jpg 770w, https:\/\/manilabikerental.com\/wp-content\/uploads\/2023\/05\/Imagen-de-WhatsApp-2024-08-27-a-las-11.23.29_ef21465b-768x1021.jpg 768w, https:\/\/manilabikerental.com\/wp-content\/uploads\/2023\/05\/Imagen-de-WhatsApp-2024-08-27-a-las-11.23.29_ef21465b-1156x1536.jpg 1156w, https:\/\/manilabikerental.com\/wp-content\/uploads\/2023\/05\/Imagen-de-WhatsApp-2024-08-27-a-las-11.23.29_ef21465b-600x797.jpg 600w, https:\/\/manilabikerental.com\/wp-content\/uploads\/2023\/05\/Imagen-de-WhatsApp-2024-08-27-a-las-11.23.29_ef21465b.jpg 1179w\" sizes=\"(max-width: 226px) 100vw, 226px\" \/> <img loading=\"lazy\" decoding=\"async\" class=\"alignnone size-medium wp-image-305\" src=\"http:\/\/manilabikerental.com\/wp-content\/uploads\/2023\/05\/Imagen-de-WhatsApp-2024-08-27-a-las-11.23.31_8ed65e5c-225x300.jpg\" alt=\"\" width=\"225\" height=\"300\" srcset=\"https:\/\/manilabikerental.com\/wp-content\/uploads\/2023\/05\/Imagen-de-WhatsApp-2024-08-27-a-las-11.23.31_8ed65e5c-225x300.jpg 225w, https:\/\/manilabikerental.com\/wp-content\/uploads\/2023\/05\/Imagen-de-WhatsApp-2024-08-27-a-las-11.23.31_8ed65e5c-769x1024.jpg 769w, https:\/\/manilabikerental.com\/wp-content\/uploads\/2023\/05\/Imagen-de-WhatsApp-2024-08-27-a-las-11.23.31_8ed65e5c-768x1023.jpg 768w, https:\/\/manilabikerental.com\/wp-content\/uploads\/2023\/05\/Imagen-de-WhatsApp-2024-08-27-a-las-11.23.31_8ed65e5c-1153x1536.jpg 1153w, https:\/\/manilabikerental.com\/wp-content\/uploads\/2023\/05\/Imagen-de-WhatsApp-2024-08-27-a-las-11.23.31_8ed65e5c-600x799.jpg 600w, https:\/\/manilabikerental.com\/wp-content\/uploads\/2023\/05\/Imagen-de-WhatsApp-2024-08-27-a-las-11.23.31_8ed65e5c.jpg 1179w\" sizes=\"(max-width: 225px) 100vw, 225px\" \/> <img loading=\"lazy\" decoding=\"async\" class=\"alignnone size-medium wp-image-306\" src=\"http:\/\/manilabikerental.com\/wp-content\/uploads\/2023\/05\/Imagen-de-WhatsApp-2024-08-27-a-las-11.23.31_6bf6650b-226x300.jpg\" alt=\"\" width=\"226\" height=\"300\" srcset=\"https:\/\/manilabikerental.com\/wp-content\/uploads\/2023\/05\/Imagen-de-WhatsApp-2024-08-27-a-las-11.23.31_6bf6650b-226x300.jpg 226w, https:\/\/manilabikerental.com\/wp-content\/uploads\/2023\/05\/Imagen-de-WhatsApp-2024-08-27-a-las-11.23.31_6bf6650b-772x1024.jpg 772w, https:\/\/manilabikerental.com\/wp-content\/uploads\/2023\/05\/Imagen-de-WhatsApp-2024-08-27-a-las-11.23.31_6bf6650b-768x1019.jpg 768w, https:\/\/manilabikerental.com\/wp-content\/uploads\/2023\/05\/Imagen-de-WhatsApp-2024-08-27-a-las-11.23.31_6bf6650b-1158x1536.jpg 1158w, https:\/\/manilabikerental.com\/wp-content\/uploads\/2023\/05\/Imagen-de-WhatsApp-2024-08-27-a-las-11.23.31_6bf6650b-600x796.jpg 600w, https:\/\/manilabikerental.com\/wp-content\/uploads\/2023\/05\/Imagen-de-WhatsApp-2024-08-27-a-las-11.23.31_6bf6650b.jpg 1179w\" sizes=\"(max-width: 226px) 100vw, 226px\" \/> <img loading=\"lazy\" decoding=\"async\" class=\"alignnone size-medium wp-image-307\" src=\"http:\/\/manilabikerental.com\/wp-content\/uploads\/2023\/05\/Imagen-de-WhatsApp-2024-08-27-a-las-11.23.32_d4a3238c-227x300.jpg\" alt=\"\" width=\"227\" height=\"300\" srcset=\"https:\/\/manilabikerental.com\/wp-content\/uploads\/2023\/05\/Imagen-de-WhatsApp-2024-08-27-a-las-11.23.32_d4a3238c-227x300.jpg 227w, https:\/\/manilabikerental.com\/wp-content\/uploads\/2023\/05\/Imagen-de-WhatsApp-2024-08-27-a-las-11.23.32_d4a3238c-775x1024.jpg 775w, https:\/\/manilabikerental.com\/wp-content\/uploads\/2023\/05\/Imagen-de-WhatsApp-2024-08-27-a-las-11.23.32_d4a3238c-768x1014.jpg 768w, https:\/\/manilabikerental.com\/wp-content\/uploads\/2023\/05\/Imagen-de-WhatsApp-2024-08-27-a-las-11.23.32_d4a3238c-1163x1536.jpg 1163w, https:\/\/manilabikerental.com\/wp-content\/uploads\/2023\/05\/Imagen-de-WhatsApp-2024-08-27-a-las-11.23.32_d4a3238c-600x792.jpg 600w, https:\/\/manilabikerental.com\/wp-content\/uploads\/2023\/05\/Imagen-de-WhatsApp-2024-08-27-a-las-11.23.32_d4a3238c.jpg 1179w\" sizes=\"(max-width: 227px) 100vw, 227px\" \/> <img loading=\"lazy\" decoding=\"async\" class=\"alignnone size-medium wp-image-308\" src=\"http:\/\/manilabikerental.com\/wp-content\/uploads\/2023\/05\/Imagen-de-WhatsApp-2024-08-27-a-las-11.23.32_72666afd-300x225.jpg\" alt=\"\" width=\"300\" height=\"225\" srcset=\"https:\/\/manilabikerental.com\/wp-content\/uploads\/2023\/05\/Imagen-de-WhatsApp-2024-08-27-a-las-11.23.32_72666afd-300x225.jpg 300w, https:\/\/manilabikerental.com\/wp-content\/uploads\/2023\/05\/Imagen-de-WhatsApp-2024-08-27-a-las-11.23.32_72666afd-1024x768.jpg 1024w, https:\/\/manilabikerental.com\/wp-content\/uploads\/2023\/05\/Imagen-de-WhatsApp-2024-08-27-a-las-11.23.32_72666afd-768x576.jpg 768w, https:\/\/manilabikerental.com\/wp-content\/uploads\/2023\/05\/Imagen-de-WhatsApp-2024-08-27-a-las-11.23.32_72666afd-600x450.jpg 600w, https:\/\/manilabikerental.com\/wp-content\/uploads\/2023\/05\/Imagen-de-WhatsApp-2024-08-27-a-las-11.23.32_72666afd.jpg 1179w\" sizes=\"(max-width: 300px) 100vw, 300px\" \/> <img loading=\"lazy\" decoding=\"async\" class=\"alignnone size-medium wp-image-309\" src=\"http:\/\/manilabikerental.com\/wp-content\/uploads\/2023\/05\/Imagen-de-WhatsApp-2024-08-27-a-las-11.23.34_e5f57c12-225x300.jpg\" alt=\"\" width=\"225\" height=\"300\" srcset=\"https:\/\/manilabikerental.com\/wp-content\/uploads\/2023\/05\/Imagen-de-WhatsApp-2024-08-27-a-las-11.23.34_e5f57c12-225x300.jpg 225w, https:\/\/manilabikerental.com\/wp-content\/uploads\/2023\/05\/Imagen-de-WhatsApp-2024-08-27-a-las-11.23.34_e5f57c12-768x1024.jpg 768w, https:\/\/manilabikerental.com\/wp-content\/uploads\/2023\/05\/Imagen-de-WhatsApp-2024-08-27-a-las-11.23.34_e5f57c12-1152x1536.jpg 1152w, https:\/\/manilabikerental.com\/wp-content\/uploads\/2023\/05\/Imagen-de-WhatsApp-2024-08-27-a-las-11.23.34_e5f57c12-600x800.jpg 600w, https:\/\/manilabikerental.com\/wp-content\/uploads\/2023\/05\/Imagen-de-WhatsApp-2024-08-27-a-las-11.23.34_e5f57c12.jpg 1179w\" sizes=\"(max-width: 225px) 100vw, 225px\" \/> <img loading=\"lazy\" decoding=\"async\" class=\"alignnone size-medium wp-image-310\" src=\"http:\/\/manilabikerental.com\/wp-content\/uploads\/2023\/05\/Imagen-de-WhatsApp-2024-08-27-a-las-11.23.34_73001505-225x300.jpg\" alt=\"\" width=\"225\" height=\"300\" srcset=\"https:\/\/manilabikerental.com\/wp-content\/uploads\/2023\/05\/Imagen-de-WhatsApp-2024-08-27-a-las-11.23.34_73001505-225x300.jpg 225w, https:\/\/manilabikerental.com\/wp-content\/uploads\/2023\/05\/Imagen-de-WhatsApp-2024-08-27-a-las-11.23.34_73001505-769x1024.jpg 769w, https:\/\/manilabikerental.com\/wp-content\/uploads\/2023\/05\/Imagen-de-WhatsApp-2024-08-27-a-las-11.23.34_73001505-768x1022.jpg 768w, https:\/\/manilabikerental.com\/wp-content\/uploads\/2023\/05\/Imagen-de-WhatsApp-2024-08-27-a-las-11.23.34_73001505-1154x1536.jpg 1154w, https:\/\/manilabikerental.com\/wp-content\/uploads\/2023\/05\/Imagen-de-WhatsApp-2024-08-27-a-las-11.23.34_73001505-600x798.jpg 600w, https:\/\/manilabikerental.com\/wp-content\/uploads\/2023\/05\/Imagen-de-WhatsApp-2024-08-27-a-las-11.23.34_73001505.jpg 1179w\" sizes=\"(max-width: 225px) 100vw, 225px\" \/> <img loading=\"lazy\" decoding=\"async\" class=\"alignnone size-medium wp-image-311\" src=\"http:\/\/manilabikerental.com\/wp-content\/uploads\/2023\/05\/Imagen-de-WhatsApp-2024-08-27-a-las-11.23.34_7440b0d3-300x244.jpg\" alt=\"\" width=\"300\" height=\"244\" srcset=\"https:\/\/manilabikerental.com\/wp-content\/uploads\/2023\/05\/Imagen-de-WhatsApp-2024-08-27-a-las-11.23.34_7440b0d3-300x244.jpg 300w, https:\/\/manilabikerental.com\/wp-content\/uploads\/2023\/05\/Imagen-de-WhatsApp-2024-08-27-a-las-11.23.34_7440b0d3-1024x832.jpg 1024w, https:\/\/manilabikerental.com\/wp-content\/uploads\/2023\/05\/Imagen-de-WhatsApp-2024-08-27-a-las-11.23.34_7440b0d3-768x624.jpg 768w, https:\/\/manilabikerental.com\/wp-content\/uploads\/2023\/05\/Imagen-de-WhatsApp-2024-08-27-a-las-11.23.34_7440b0d3-600x488.jpg 600w, https:\/\/manilabikerental.com\/wp-content\/uploads\/2023\/05\/Imagen-de-WhatsApp-2024-08-27-a-las-11.23.34_7440b0d3.jpg 1179w\" sizes=\"(max-width: 300px) 100vw, 300px\" \/> <img loading=\"lazy\" decoding=\"async\" class=\"alignnone size-medium wp-image-312\" src=\"http:\/\/manilabikerental.com\/wp-content\/uploads\/2023\/05\/Imagen-de-WhatsApp-2024-08-27-a-las-11.23.35_721c700f-300x298.jpg\" alt=\"\" width=\"300\" height=\"298\" srcset=\"https:\/\/manilabikerental.com\/wp-content\/uploads\/2023\/05\/Imagen-de-WhatsApp-2024-08-27-a-las-11.23.35_721c700f-300x298.jpg 300w, https:\/\/manilabikerental.com\/wp-content\/uploads\/2023\/05\/Imagen-de-WhatsApp-2024-08-27-a-las-11.23.35_721c700f-1024x1018.jpg 1024w, https:\/\/manilabikerental.com\/wp-content\/uploads\/2023\/05\/Imagen-de-WhatsApp-2024-08-27-a-las-11.23.35_721c700f-150x150.jpg 150w, https:\/\/manilabikerental.com\/wp-content\/uploads\/2023\/05\/Imagen-de-WhatsApp-2024-08-27-a-las-11.23.35_721c700f-768x763.jpg 768w, https:\/\/manilabikerental.com\/wp-content\/uploads\/2023\/05\/Imagen-de-WhatsApp-2024-08-27-a-las-11.23.35_721c700f-600x596.jpg 600w, https:\/\/manilabikerental.com\/wp-content\/uploads\/2023\/05\/Imagen-de-WhatsApp-2024-08-27-a-las-11.23.35_721c700f-100x100.jpg 100w, https:\/\/manilabikerental.com\/wp-content\/uploads\/2023\/05\/Imagen-de-WhatsApp-2024-08-27-a-las-11.23.35_721c700f.jpg 1179w\" sizes=\"(max-width: 300px) 100vw, 300px\" \/><\/p>\n","protected":false},"excerpt":{"rendered":"<p>ESP<br \/>\n\ud83d\udd1c Rodamos por la monta\u00f1a con los mejores paisajes de \u201cla ciudad de la eterna primavera\u201d Santa Elena, parada en restaurante local con comida t\u00edpica de la regi\u00f3n, asesor\u00eda y tips del gu\u00eda para afrontar la ruta, parada para probar caf\u00e9 de origen.<br \/>\nY mucha buena vibra para celebrar la vida y el ciclismo de nuestra hermosa Colombia \ud83c\udde8\ud83c\uddf4<\/p>\n<p>INCLUYE:<br \/>\n\ud83d\udd18 Gu\u00eda en bicicleta, experto en ciclismo.<br \/>\n\ud83d\udd18 Coffee Welcome.<br \/>\n\ud83d\udd18 Agua y Snack ( galletas \/ bocadillo ).<br \/>\n\ud83d\udd18 Seguro de viaje.<\/p>\n<p>NO INCLUYE:<br \/>\n\u25aaAdicionales en comidas \/ bebidas durante la ruta.<br \/>\n\u25aaAdicionales en comidas \/ bebidas en las paradas.<br \/>\n\u25aaAcompa\u00f1ante motorizado. (Adicional)<br \/>\n\u25aaBicicleta de alquiler. (Bici de ruta disco $179.000)<\/p>\n<p>\ud83d\udc41\u200d\ud83d\udde8 DATOS:<br \/>\n* Precio del tour por persona de $130.000 COP. Persona adicional $30.000<br \/>\n* Recomendamos tener el nivel f\u00edsico y la experiencia seg\u00fan los kil\u00f3metros y desnivel de la ruta.<br \/>\n* Se recomienda llevar cortavientos o chaqueta, botella personal con agua, protector\u00a0solar,\u00a0snacks.<\/p>\n<p><strong>*Tiempo estimado de actividad: entre 4 a 5 horas.<br \/>\n_____________________________________________________________________________________________________________________<br \/>\nENG<br \/>\n<\/strong>\ud83d\udd1c We will ride through the mountains with the best landscapes of Santa Elena, stopping at a local restaurant for typical regional food, advice and tips from the guide on how to tackle the route, and a stop to try local coffee.<br \/>\nAnd lots of good vibes to celebrate life and cycling in our beautiful Colombia.<\/p>\n<p>INCLUDES:<br \/>\n\ud83d\udd18 Bike guide, cycling expert.<br \/>\n\ud83d\udd18 Welcome coffee.<br \/>\n\ud83d\udd18 Water and snack (cookies\/bocadillo).<br \/>\n\ud83d\udd18 travel insurance.<\/p>\n<p>NOT INCLUDED:<br \/>\n\u25aaAdditional food\/drinks during the route.<br \/>\n\u25aaAdditional food\/drinks at stops.<br \/>\n\u25aaMotorized escort. (Additional)<br \/>\n\u25aaBicycle rental. (Road bike $179,000)<\/p>\n<p>\ud83d\udc41\u200d\ud83d\udde8 DETAILS:<br \/>\n* Tour price per person $130,000 COP. Additional person $30,000<br \/>\n* We recommend that you have the physical fitness and experience necessary for the distance and elevation of the route.<br \/>\n* We recommend bringing a windbreaker or jacket, personal water bottle, sunscreen, and snacks.<\/p>\n<p><strong>*Estimated duration of activity: 4 until 5 hours.<\/strong><\/p>\n","protected":false},"featured_media":312,"comment_status":"open","ping_status":"closed","template":"","meta":[],"product_cat":[15],"product_tag":[21,25],"class_list":["post-59","product","type-product","status-publish","has-post-thumbnail","hentry","product_cat-uncategorized","product_tag-bike-rental","product_tag-cycling-tour"],"_links":{"self":[{"href":"https:\/\/manilabikerental.com\/index.php\/wp-json\/wp\/v3\/product\/59"}],"collection":[{"href":"https:\/\/manilabikerental.com\/index.php\/wp-json\/wp\/v3\/product"}],"about":[{"href":"https:\/\/manilabikerental.com\/index.php\/wp-json\/wp\/v2\/types\/product"}],"replies":[{"embeddable":true,"href":"https:\/\/manilabikerental.com\/index.php\/wp-json\/wp\/v2\/comments?post=59"}],"wp:featuredmedia":[{"embeddable":true,"href":"https:\/\/manilabikerental.com\/index.php\/wp-json\/wp\/v2\/media\/312"}],"wp:attachment":[{"href":"https:\/\/manilabikerental.com\/index.php\/wp-json\/wp\/v2\/media?parent=59"}],"wp:term":[{"taxonomy":"product_cat","embeddable":true,"href":"https:\/\/manilabikerental.com\/index.php\/wp-json\/wp\/v2\/product_cat?post=59"},{"taxonomy":"product_tag","embeddable":true,"href":"https:\/\/manilabikerental.com\/index.php\/wp-json\/wp\/v2\/product_tag?post=59"}],"curies":[{"name":"wp","href":"https:\/\/api.w.org\/{rel}","templated":true}]}}